{"id":1928,"date":"2019-02-02T18:17:29","date_gmt":"2019-02-02T18:17:29","guid":{"rendered":"https:\/\/cariera.co\/?page_id=1928"},"modified":"2020-03-04T22:37:11","modified_gmt":"2020-03-04T22:37:11","slug":"submit-resume","status":"publish","type":"page","link":"https:\/\/formacad.es\/empleo\/submit-resume\/","title":{"rendered":"Subir CV"},"content":{"rendered":"<form action=\"\/empleo\/wp-json\/wp\/v2\/pages\/1928\" method=\"post\" id=\"submit-resume-form\" class=\"job-manager-form\" enctype=\"multipart\/form-data\">\n\n\t<input type=\"hidden\" id=\"_wpjm_nonce\" name=\"_wpjm_nonce\" value=\"7ff884be60\" \/><input type=\"hidden\" name=\"_wp_http_referer\" value=\"\/empleo\/wp-json\/wp\/v2\/pages\/1928\" \/>\n\t\n\t\t\n\t<fieldset>\n\t\t<label class=\"account-sign-in-label\">Have an account?<\/label>\n        \n\t\t<div class=\"field account-sign-in\">\n            \n                            <p>\n                    Si no dispones de cuenta puedes crear una introduciendo tu direcci\u00f3n e-mail. Tu cuenta ser\u00e1 confirmada v\u00eda e-mail.                <\/p>\n                        \n            <div class=\"button-wrapper\">\n                                    <a href=\"#login-register-popup\" class=\"popup-with-zoom-anim btn btn-main btn-effect\">\n                                    \n                Accede a tu cuenta<\/a>\n            <\/div><!-- .button-wrapper -->\n            \n            \n\t\t<\/div><!-- .acount-sign-in -->\n\t<\/fieldset>\n\n\n    \n\t\n\t\n\t\t<!-- Resume Fields -->\n\t\t<div class=\"submit-job-box submit_resume-info\"><h3 class=\"title\">Detalles del Candidato<\/h3><div class=\"form-fields\">\n\t\t\t\t\t<fieldset class=\"fieldset-candidate_name\">\n\t\t\t\t<label for=\"candidate_name\">Su nombre<\/label>\n\t\t\t\t<div class=\"field\">\n\t\t\t\t\t<input type=\"text\" class=\"input-text\" name=\"candidate_name\" id=\"candidate_name\" placeholder=\"Su nombre completo\" value=\"\" maxlength=\"\" required \/>\n\t\t\t\t<\/div>\n\t\t\t<\/fieldset>\n\t\t\t\t\t<fieldset class=\"fieldset-candidate_email\">\n\t\t\t\t<label for=\"candidate_email\">Su Email<\/label>\n\t\t\t\t<div class=\"field\">\n\t\t\t\t\t<input type=\"text\" class=\"input-text\" name=\"candidate_email\" id=\"candidate_email\" placeholder=\"su@sudominio.com\" value=\"\" maxlength=\"\" required \/>\n\t\t\t\t<\/div>\n\t\t\t<\/fieldset>\n\t\t\t\t\t<fieldset class=\"fieldset-candidate_title\">\n\t\t\t\t<label for=\"candidate_title\">T\u00edtulo profesional<\/label>\n\t\t\t\t<div class=\"field\">\n\t\t\t\t\t<input type=\"text\" class=\"input-text\" name=\"candidate_title\" id=\"candidate_title\" placeholder=\"ejemplo: &quot;Ingeniero en Dise\u00f1o de Producto&quot;\" value=\"\" maxlength=\"\" required \/>\n\t\t\t\t<\/div>\n\t\t\t<\/fieldset>\n\t\t\t\t\t<fieldset class=\"fieldset-candidate_location\">\n\t\t\t\t<label for=\"candidate_location\">Localizaci\u00f3n<\/label>\n\t\t\t\t<div class=\"field\">\n\t\t\t\t\t<input type=\"text\" class=\"input-text\" name=\"candidate_location\" id=\"candidate_location\" placeholder=\"ejemplo: Madrid\" value=\"\" maxlength=\"\" required \/>\n\t\t\t\t<\/div>\n\t\t\t<\/fieldset>\n\t\t\t\t\t<fieldset class=\"fieldset-candidate_photo\">\n\t\t\t\t<label for=\"candidate_photo\">Foto <small>(opcional)<\/small><\/label>\n\t\t\t\t<div class=\"field\">\n\t\t\t\t\t\n\n<div class=\"job-manager-uploaded-files\">\n\t<\/div>\n\n\n<span class=\"btn btn-main btn-effect upload-btn\">\n    <i class=\"fa fa-upload\"><\/i>Subir<\/span>\n\n\n<input type=\"file\" class=\"cariera-file-upload input-text wp-job-manager-file-upload\" data-file_types=\"jpg|jpeg|gif|png\"  name=\"candidate_photo\" id=\"candidate_photo\" placeholder=\"\" \/>\n\n<small class=\"description\">\n\t\t\tTama\u00f1o m\u00e1ximo del archivo: 512 MB.\t<\/small>\t\t\t\t<\/div>\n\t\t\t<\/fieldset>\n\t\t\t\t\t<fieldset class=\"fieldset-candidate_featured_image\">\n\t\t\t\t<label for=\"candidate_featured_image\">Imagen <small>(opcional)<\/small><\/label>\n\t\t\t\t<div class=\"field\">\n\t\t\t\t\t\n\n<div class=\"job-manager-uploaded-files\">\n\t<\/div>\n\n\n<span class=\"btn btn-main btn-effect upload-btn\">\n    <i class=\"fa fa-upload\"><\/i>Subir<\/span>\n\n\n<input type=\"file\" class=\"cariera-file-upload input-text wp-job-manager-file-upload\" data-file_types=\"jpg|jpeg|gif|png\"  name=\"candidate_featured_image\" id=\"candidate_featured_image\" placeholder=\"\" \/>\n\n<small class=\"description\">\n\t\t\tEl tama\u00f1o de imagen debe tener m\u00e1ximo 1920x400px\t<\/small>\t\t\t\t<\/div>\n\t\t\t<\/fieldset>\n\t\t\t\t\t<fieldset class=\"fieldset-candidate_video\">\n\t\t\t\t<label for=\"candidate_video\">Video <small>(opcional)<\/small><\/label>\n\t\t\t\t<div class=\"field\">\n\t\t\t\t\t<input type=\"text\" class=\"input-text\" name=\"candidate_video\" id=\"candidate_video\" placeholder=\"Enlace a una v\u00eddeo candidatura o v\u00eddeo de presentaci\u00f3n\" value=\"\" maxlength=\"\"  \/>\n\t\t\t\t<\/div>\n\t\t\t<\/fieldset>\n\t\t\t\t\t<fieldset class=\"fieldset-resume_content\">\n\t\t\t\t<label for=\"resume_content\">Contenido del CV<\/label>\n\t\t\t\t<div class=\"field\">\n\t\t\t\t\t<div id=\"wp-resume_content-wrap\" class=\"wp-core-ui wp-editor-wrap tmce-active\"><link rel='stylesheet' id='dashicons-css' href='https:\/\/formacad.es\/empleo\/wp-includes\/css\/dashicons.min.css?ver=6.6.5' type='text\/css' media='all' \/>\n<link rel='stylesheet' id='editor-buttons-css' href='https:\/\/formacad.es\/empleo\/wp-includes\/css\/editor.min.css?ver=6.6.5' type='text\/css' media='all' \/>\n<style> .mce-top-part button { background-color: rgba(0,0,0,0.0) !important; } <\/style>\n<div id=\"wp-resume_content-editor-container\" class=\"wp-editor-container\"><textarea class=\"wp-editor-area\" rows=\"8\" autocomplete=\"off\" cols=\"40\" name=\"resume_content\" id=\"resume_content\"><\/textarea><\/div>\n<\/div>\n\n\t\t\t\t<\/div>\n\t\t\t<\/fieldset>\n\t\t\t\t\t<fieldset class=\"fieldset-resume_skills\">\n\t\t\t\t<label for=\"resume_skills\">Habilidades <small>(opcional)<\/small><\/label>\n\t\t\t\t<div class=\"field\">\n\t\t\t\t\t<input type=\"text\" class=\"input-text\" name=\"resume_skills\" id=\"resume_skills\" placeholder=\"Lista de habilidades relevantes, separada con comas\" value=\"\" maxlength=\"\"  \/>\n\t\t\t\t<\/div>\n\t\t\t<\/fieldset>\n\t\t\t\t\t<fieldset class=\"fieldset-candidate_rate\">\n\t\t\t\t<label for=\"candidate_rate\">Precio \/ Hora <small>(opcional)<\/small><\/label>\n\t\t\t\t<div class=\"field\">\n\t\t\t\t\t<input type=\"text\" class=\"input-text\" name=\"candidate_rate\" id=\"candidate_rate\" placeholder=\"p.e. 20\" value=\"\" maxlength=\"\"  \/>\n\t\t\t\t<\/div>\n\t\t\t<\/fieldset>\n\t\t\t\t\t<fieldset class=\"fieldset-candidate_education_level\">\n\t\t\t\t<label for=\"candidate_education_level\">Educaci\u00f3n <small>(opcional)<\/small><\/label>\n\t\t\t\t<div class=\"field\">\n\t\t\t\t\t<input type=\"text\" class=\"input-text\" name=\"candidate_education_level\" id=\"candidate_education_level\" placeholder=\"Grado en Ingenier\u00eda Industrial\" value=\"\" maxlength=\"\"  \/>\n\t\t\t\t<\/div>\n\t\t\t<\/fieldset>\n\t\t\t\t\t<fieldset class=\"fieldset-candidate_languages\">\n\t\t\t\t<label for=\"candidate_languages\">Idiomas <small>(opcional)<\/small><\/label>\n\t\t\t\t<div class=\"field\">\n\t\t\t\t\t<input type=\"text\" class=\"input-text\" name=\"candidate_languages\" id=\"candidate_languages\" placeholder=\"Ingl\u00e9s, Alem\u00e1n, Franc\u00e9s\" value=\"\" maxlength=\"\"  \/>\n\t\t\t\t<\/div>\n\t\t\t<\/fieldset>\n\t\t\t\t\t<fieldset class=\"fieldset-candidate_experience_years\">\n\t\t\t\t<label for=\"candidate_experience_years\">Experiencia <small>(opcional)<\/small><\/label>\n\t\t\t\t<div class=\"field\">\n\t\t\t\t\t<input type=\"text\" class=\"input-text\" name=\"candidate_experience_years\" id=\"candidate_experience_years\" placeholder=\"3 a\u00f1os\" value=\"\" maxlength=\"\"  \/>\n\t\t\t\t<\/div>\n\t\t\t<\/fieldset>\n\t\t\t\t\t<fieldset class=\"fieldset-candidate_facebook\">\n\t\t\t\t<label for=\"candidate_facebook\">Facebook <small>(opcional)<\/small><\/label>\n\t\t\t\t<div class=\"field\">\n\t\t\t\t\t<input type=\"text\" class=\"input-text\" name=\"candidate_facebook\" id=\"candidate_facebook\" placeholder=\"Tu url de Facebook\" value=\"\" maxlength=\"\"  \/>\n\t\t\t\t<\/div>\n\t\t\t<\/fieldset>\n\t\t\t\t\t<fieldset class=\"fieldset-candidate_twitter\">\n\t\t\t\t<label for=\"candidate_twitter\">Twitter <small>(opcional)<\/small><\/label>\n\t\t\t\t<div class=\"field\">\n\t\t\t\t\t<input type=\"text\" class=\"input-text\" name=\"candidate_twitter\" id=\"candidate_twitter\" placeholder=\"Tu url de Twitter\" value=\"\" maxlength=\"\"  \/>\n\t\t\t\t<\/div>\n\t\t\t<\/fieldset>\n\t\t\t\t\t<fieldset class=\"fieldset-candidate_linkedin\">\n\t\t\t\t<label for=\"candidate_linkedin\">LinkedIn <small>(opcional)<\/small><\/label>\n\t\t\t\t<div class=\"field\">\n\t\t\t\t\t<input type=\"text\" class=\"input-text\" name=\"candidate_linkedin\" id=\"candidate_linkedin\" placeholder=\"Tu url de LinkedIn\" value=\"\" maxlength=\"\"  \/>\n\t\t\t\t<\/div>\n\t\t\t<\/fieldset>\n\t\t\t\t\t<fieldset class=\"fieldset-candidate_instagram\">\n\t\t\t\t<label for=\"candidate_instagram\">Instagram <small>(opcional)<\/small><\/label>\n\t\t\t\t<div class=\"field\">\n\t\t\t\t\t<input type=\"text\" class=\"input-text\" name=\"candidate_instagram\" id=\"candidate_instagram\" placeholder=\"Tu url de Instagram\" value=\"\" maxlength=\"\"  \/>\n\t\t\t\t<\/div>\n\t\t\t<\/fieldset>\n\t\t\t\t\t<fieldset class=\"fieldset-candidate_youtube\">\n\t\t\t\t<label for=\"candidate_youtube\">Youtube <small>(opcional)<\/small><\/label>\n\t\t\t\t<div class=\"field\">\n\t\t\t\t\t<input type=\"text\" class=\"input-text\" name=\"candidate_youtube\" id=\"candidate_youtube\" placeholder=\"Tu url de YouTube\" value=\"\" maxlength=\"\"  \/>\n\t\t\t\t<\/div>\n\t\t\t<\/fieldset>\n\t\t\t\t\t<fieldset class=\"fieldset-links\">\n\t\t\t\t<label for=\"links\">URL(s) <small>(opcional)<\/small><\/label>\n\t\t\t\t<div class=\"field\">\n\t\t\t\t\t\n<a href=\"#\" class=\"resume-manager-add-row btn btn-main btn-effect\" data-row=\"\t\t&lt;div class=&quot;resume-manager-data-row&quot;&gt;\n\t\t\t&lt;input type=&quot;hidden&quot; class=&quot;repeated-row-index&quot; name=&quot;repeated-row-links[]&quot; value=&quot;%%repeated-row-index%%&quot; \/&gt;\n\t\t\t&lt;a href=&quot;#&quot; class=&quot;resume-manager-remove-row&quot;&gt;Remove&lt;\/a&gt;\n\t\t\t\t\t\t\t&lt;fieldset class=&quot;fieldset-name&quot;&gt;\n\t\t\t\t\t&lt;label for=&quot;name&quot;&gt;Nombre&lt;\/label&gt;\n\t\t\t\t\t&lt;div class=&quot;field&quot;&gt;\n\t\t\t\t\t\t&lt;input type=&quot;text&quot; class=&quot;input-text&quot; name=&quot;links_name_%%repeated-row-index%%&quot; id=&quot;name&quot; placeholder=&quot;&quot; value=&quot;&quot; maxlength=&quot;&quot; required \/&gt;\n\t\t\t\t\t&lt;\/div&gt;\n\t\t\t\t&lt;\/fieldset&gt;\n\t\t\t\t\t\t\t&lt;fieldset class=&quot;fieldset-url&quot;&gt;\n\t\t\t\t\t&lt;label for=&quot;url&quot;&gt;URL&lt;\/label&gt;\n\t\t\t\t\t&lt;div class=&quot;field&quot;&gt;\n\t\t\t\t\t\t&lt;input type=&quot;text&quot; class=&quot;input-text&quot; name=&quot;links_url_%%repeated-row-index%%&quot; id=&quot;url&quot; placeholder=&quot;&quot; value=&quot;&quot; maxlength=&quot;&quot; required \/&gt;\n\t\t\t\t\t&lt;\/div&gt;\n\t\t\t\t&lt;\/fieldset&gt;\n\t\t\t\t\t&lt;\/div&gt;\n\t\">+ A\u00f1adir URL<\/a>\n<small class=\"description\">Opcionalmente proporcione enlaces a cualquiera de sus sitios web o perfiles de redes sociales.<\/small>\t\t\t\t<\/div>\n\t\t\t<\/fieldset>\n\t\t\t\t\t<fieldset class=\"fieldset-candidate_education\">\n\t\t\t\t<label for=\"candidate_education\">Educaci\u00f3n <small>(opcional)<\/small><\/label>\n\t\t\t\t<div class=\"field\">\n\t\t\t\t\t\n<a href=\"#\" class=\"resume-manager-add-row btn btn-main btn-effect\" data-row=\"\t\t&lt;div class=&quot;resume-manager-data-row&quot;&gt;\n\t\t\t&lt;input type=&quot;hidden&quot; class=&quot;repeated-row-index&quot; name=&quot;repeated-row-candidate_education[]&quot; value=&quot;%%repeated-row-index%%&quot; \/&gt;\n\t\t\t&lt;a href=&quot;#&quot; class=&quot;resume-manager-remove-row&quot;&gt;Remove&lt;\/a&gt;\n\t\t\t\t\t\t\t&lt;fieldset class=&quot;fieldset-location&quot;&gt;\n\t\t\t\t\t&lt;label for=&quot;location&quot;&gt;Nombre de la Universidad&lt;\/label&gt;\n\t\t\t\t\t&lt;div class=&quot;field&quot;&gt;\n\t\t\t\t\t\t&lt;input type=&quot;text&quot; class=&quot;input-text&quot; name=&quot;candidate_education_location_%%repeated-row-index%%&quot; id=&quot;location&quot; placeholder=&quot;&quot; value=&quot;&quot; maxlength=&quot;&quot; required \/&gt;\n\t\t\t\t\t&lt;\/div&gt;\n\t\t\t\t&lt;\/fieldset&gt;\n\t\t\t\t\t\t\t&lt;fieldset class=&quot;fieldset-qualification&quot;&gt;\n\t\t\t\t\t&lt;label for=&quot;qualification&quot;&gt;Calificaciones \/ capacidades&lt;\/label&gt;\n\t\t\t\t\t&lt;div class=&quot;field&quot;&gt;\n\t\t\t\t\t\t&lt;input type=&quot;text&quot; class=&quot;input-text&quot; name=&quot;candidate_education_qualification_%%repeated-row-index%%&quot; id=&quot;qualification&quot; placeholder=&quot;&quot; value=&quot;&quot; maxlength=&quot;&quot; required \/&gt;\n\t\t\t\t\t&lt;\/div&gt;\n\t\t\t\t&lt;\/fieldset&gt;\n\t\t\t\t\t\t\t&lt;fieldset class=&quot;fieldset-date&quot;&gt;\n\t\t\t\t\t&lt;label for=&quot;date&quot;&gt;Fecha de inicio y finalizaci\u00f3n&lt;\/label&gt;\n\t\t\t\t\t&lt;div class=&quot;field&quot;&gt;\n\t\t\t\t\t\t&lt;input type=&quot;text&quot; class=&quot;input-text&quot; name=&quot;candidate_education_date_%%repeated-row-index%%&quot; id=&quot;date&quot; placeholder=&quot;&quot; value=&quot;&quot; maxlength=&quot;&quot; required \/&gt;\n\t\t\t\t\t&lt;\/div&gt;\n\t\t\t\t&lt;\/fieldset&gt;\n\t\t\t\t\t\t\t&lt;fieldset class=&quot;fieldset-notes&quot;&gt;\n\t\t\t\t\t&lt;label for=&quot;notes&quot;&gt;Notas &lt;small&gt;(optional)&lt;\/small&gt;&lt;\/label&gt;\n\t\t\t\t\t&lt;div class=&quot;field&quot;&gt;\n\t\t\t\t\t\t&lt;textarea cols=&quot;20&quot; rows=&quot;3&quot; class=&quot;input-text&quot; name=&quot;candidate_education_notes_%%repeated-row-index%%&quot; id=&quot;notes&quot; placeholder=&quot;&quot; maxlength=&quot;&quot; &gt;&lt;\/textarea&gt;\n\t\t\t\t\t&lt;\/div&gt;\n\t\t\t\t&lt;\/fieldset&gt;\n\t\t\t\t\t&lt;\/div&gt;\n\t\">+ A\u00f1adir educaci\u00f3n<\/a>\n\t\t\t\t<\/div>\n\t\t\t<\/fieldset>\n\t\t\t\t\t<fieldset class=\"fieldset-candidate_experience\">\n\t\t\t\t<label for=\"candidate_experience\">Experiencia <small>(opcional)<\/small><\/label>\n\t\t\t\t<div class=\"field\">\n\t\t\t\t\t\n<a href=\"#\" class=\"resume-manager-add-row btn btn-main btn-effect\" data-row=\"\t\t&lt;div class=&quot;resume-manager-data-row&quot;&gt;\n\t\t\t&lt;input type=&quot;hidden&quot; class=&quot;repeated-row-index&quot; name=&quot;repeated-row-candidate_experience[]&quot; value=&quot;%%repeated-row-index%%&quot; \/&gt;\n\t\t\t&lt;a href=&quot;#&quot; class=&quot;resume-manager-remove-row&quot;&gt;Remove&lt;\/a&gt;\n\t\t\t\t\t\t\t&lt;fieldset class=&quot;fieldset-employer&quot;&gt;\n\t\t\t\t\t&lt;label for=&quot;employer&quot;&gt;Empleador&lt;\/label&gt;\n\t\t\t\t\t&lt;div class=&quot;field&quot;&gt;\n\t\t\t\t\t\t&lt;input type=&quot;text&quot; class=&quot;input-text&quot; name=&quot;candidate_experience_employer_%%repeated-row-index%%&quot; id=&quot;employer&quot; placeholder=&quot;&quot; value=&quot;&quot; maxlength=&quot;&quot; required \/&gt;\n\t\t\t\t\t&lt;\/div&gt;\n\t\t\t\t&lt;\/fieldset&gt;\n\t\t\t\t\t\t\t&lt;fieldset class=&quot;fieldset-job_title&quot;&gt;\n\t\t\t\t\t&lt;label for=&quot;job_title&quot;&gt;Nombre del Trabaho&lt;\/label&gt;\n\t\t\t\t\t&lt;div class=&quot;field&quot;&gt;\n\t\t\t\t\t\t&lt;input type=&quot;text&quot; class=&quot;input-text&quot; name=&quot;candidate_experience_job_title_%%repeated-row-index%%&quot; id=&quot;job_title&quot; placeholder=&quot;&quot; value=&quot;&quot; maxlength=&quot;&quot; required \/&gt;\n\t\t\t\t\t&lt;\/div&gt;\n\t\t\t\t&lt;\/fieldset&gt;\n\t\t\t\t\t\t\t&lt;fieldset class=&quot;fieldset-date&quot;&gt;\n\t\t\t\t\t&lt;label for=&quot;date&quot;&gt;Fecha de inicio y finalizaci\u00f3n&lt;\/label&gt;\n\t\t\t\t\t&lt;div class=&quot;field&quot;&gt;\n\t\t\t\t\t\t&lt;input type=&quot;text&quot; class=&quot;input-text&quot; name=&quot;candidate_experience_date_%%repeated-row-index%%&quot; id=&quot;date&quot; placeholder=&quot;&quot; value=&quot;&quot; maxlength=&quot;&quot; required \/&gt;\n\t\t\t\t\t&lt;\/div&gt;\n\t\t\t\t&lt;\/fieldset&gt;\n\t\t\t\t\t\t\t&lt;fieldset class=&quot;fieldset-notes&quot;&gt;\n\t\t\t\t\t&lt;label for=&quot;notes&quot;&gt;Notas &lt;small&gt;(optional)&lt;\/small&gt;&lt;\/label&gt;\n\t\t\t\t\t&lt;div class=&quot;field&quot;&gt;\n\t\t\t\t\t\t&lt;textarea cols=&quot;20&quot; rows=&quot;3&quot; class=&quot;input-text&quot; name=&quot;candidate_experience_notes_%%repeated-row-index%%&quot; id=&quot;notes&quot; placeholder=&quot;&quot; maxlength=&quot;&quot; &gt;&lt;\/textarea&gt;\n\t\t\t\t\t&lt;\/div&gt;\n\t\t\t\t&lt;\/fieldset&gt;\n\t\t\t\t\t&lt;\/div&gt;\n\t\">+ A\u00f1adir Experiencia<\/a>\n\t\t\t\t<\/div>\n\t\t\t<\/fieldset>\n\t\t\t\t\t<fieldset class=\"fieldset-resume_file\">\n\t\t\t\t<label for=\"resume_file\">Archivo del CV <small>(opcional)<\/small><\/label>\n\t\t\t\t<div class=\"field\">\n\t\t\t\t\t\n\n<div class=\"job-manager-uploaded-files\">\n\t<\/div>\n\n\n<span class=\"btn btn-main btn-effect upload-btn\">\n    <i class=\"fa fa-upload\"><\/i>Subir<\/span>\n\n\n<input type=\"file\" class=\"cariera-file-upload input-text wp-job-manager-file-upload\" data-file_types=\"jpg|jpeg|jpe|gif|png|bmp|tiff|tif|webp|avif|ico|heic|asf|asx|wmv|wmx|wm|avi|divx|flv|mov|qt|mpeg|mpg|mpe|mp4|m4v|ogv|webm|mkv|3gp|3gpp|3g2|3gp2|txt|asc|c|cc|h|srt|csv|tsv|ics|rtx|css|vtt|dfxp|mp3|m4a|m4b|aac|ra|ram|wav|ogg|oga|flac|mid|midi|wma|wax|mka|rtf|pdf|class|tar|zip|gz|gzip|rar|7z|psd|xcf|doc|pot|pps|ppt|wri|xla|xls|xlt|xlw|mdb|mpp|docx|docm|dotx|dotm|xlsx|xlsm|xlsb|xltx|xltm|xlam|pptx|pptm|ppsx|ppsm|potx|potm|ppam|sldx|sldm|onetoc|onetoc2|onetmp|onepkg|oxps|xps|odt|odp|ods|odg|odc|odb|odf|wp|wpd|key|numbers|pages\"  name=\"resume_file\" id=\"resume_file\" placeholder=\"\" \/>\n\n<small class=\"description\">\n\t\t\tOpcionalmente subir su curriculum vitae para que los empleadores lo vean. Max. tama\u00f1o de archivo: 512 MB.\t<\/small>\t\t\t\t<\/div>\n\t\t\t<\/fieldset>\n\t\t\n\t\t<\/div><\/div><fieldset class=\"fieldset-recaptcha\">\n\t<label for=\"recaptcha\"><\/label>\n\t<div class=\"field required-field\">\n\t\t<div class=\"g-recaptcha\" data-sitekey=\"6LdiQ-AUAAAAACSC8PuXp4l-Q5dkgBsPKKUb21PS\"><\/div>\n\t\t\t<\/div>\n<\/fieldset>\n\n\t\t<p>\n\t\t\t<input type=\"hidden\" name=\"resume_manager_form\" value=\"submit-resume\" \/>\n\t\t\t<input type=\"hidden\" name=\"resume_id\" value=\"0\" \/>\n\t\t\t<input type=\"hidden\" name=\"job_id\" value=\"0\" \/>\n\t\t\t<input type=\"hidden\" name=\"step\" value=\"0\" \/>\n\t\t\t<input type=\"submit\" name=\"submit_resume\" class=\"button\" value=\"Previsualizar CV\" \/>\n\t\t<\/p>\n\n\t\n\t<\/form>\n\n","protected":false},"excerpt":{"rendered":"","protected":false},"author":1,"featured_media":0,"parent":0,"menu_order":0,"comment_status":"closed","ping_status":"closed","template":"templates\/user-dashboard.php","meta":{"footnotes":""},"yst_prominent_words":[],"class_list":["post-1928","page","type-page","status-publish","hentry"],"_links":{"self":[{"href":"https:\/\/formacad.es\/empleo\/wp-json\/wp\/v2\/pages\/1928"}],"collection":[{"href":"https:\/\/formacad.es\/empleo\/wp-json\/wp\/v2\/pages"}],"about":[{"href":"https:\/\/formacad.es\/empleo\/wp-json\/wp\/v2\/types\/page"}],"author":[{"embeddable":true,"href":"https:\/\/formacad.es\/empleo\/wp-json\/wp\/v2\/users\/1"}],"replies":[{"embeddable":true,"href":"https:\/\/formacad.es\/empleo\/wp-json\/wp\/v2\/comments?post=1928"}],"version-history":[{"count":2,"href":"https:\/\/formacad.es\/empleo\/wp-json\/wp\/v2\/pages\/1928\/revisions"}],"predecessor-version":[{"id":3082,"href":"https:\/\/formacad.es\/empleo\/wp-json\/wp\/v2\/pages\/1928\/revisions\/3082"}],"wp:attachment":[{"href":"https:\/\/formacad.es\/empleo\/wp-json\/wp\/v2\/media?parent=1928"}],"wp:term":[{"taxonomy":"yst_prominent_words","embeddable":true,"href":"https:\/\/formacad.es\/empleo\/wp-json\/wp\/v2\/yst_prominent_words?post=1928"}],"curies":[{"name":"wp","href":"https:\/\/api.w.org\/{rel}","templated":true}]}}